{"id":3370,"date":"2019-07-22T16:43:57","date_gmt":"2019-07-22T16:43:57","guid":{"rendered":"https:\/\/www.sidreriaintxaurrondo.com\/accueil\/"},"modified":"2023-08-23T08:08:08","modified_gmt":"2023-08-23T08:08:08","slug":"accueil","status":"publish","type":"page","link":"https:\/\/www.sidreriaintxaurrondo.com\/fr\/","title":{"rendered":"Accueil"},"content":{"rendered":"\t\t<div data-elementor-type=\"wp-post\" data-elementor-id=\"3370\" class=\"elementor elementor-3370 elementor-676\" data-elementor-post-type=\"page\">\n\t\t\t\t\t\t\t\t\t<section class=\"elementor-section elementor-top-section elementor-element elementor-element-6d00936 elementor-section-boxed elementor-section-height-default elementor-section-height-default\" data-id=\"6d00936\" data-element_type=\"section\">\n\t\t\t\t\t\t<div class=\"elementor-container elementor-column-gap-default\">\n\t\t\t\t\t<div class=\"elementor-column elementor-col-100 elementor-top-column elementor-element elementor-element-b3bfd5a\" data-id=\"b3bfd5a\" data-element_type=\"column\">\n\t\t\t<div class=\"elementor-widget-wrap elementor-element-populated\">\n\t\t\t\t\t\t\t\t<div class=\"elementor-element elementor-element-fb0e2cf home-subtitle-el elementor-widget elementor-widget-heading\" data-id=\"fb0e2cf\" data-element_type=\"widget\" data-widget_type=\"heading.default\">\n\t\t\t\t<div class=\"elementor-widget-container\">\n\t\t\t<style>\/*! elementor - v3.17.0 - 08-11-2023 *\/\n.elementor-heading-title{padding:0;margin:0;line-height:1}.elementor-widget-heading .elementor-heading-title[class*=elementor-size-]>a{color:inherit;font-size:inherit;line-height:inherit}.elementor-widget-heading .elementor-heading-title.elementor-size-small{font-size:15px}.elementor-widget-heading .elementor-heading-title.elementor-size-medium{font-size:19px}.elementor-widget-heading .elementor-heading-title.elementor-size-large{font-size:29px}.elementor-widget-heading .elementor-heading-title.elementor-size-xl{font-size:39px}.elementor-widget-heading .elementor-heading-title.elementor-size-xxl{font-size:59px}<\/style><h3 class=\"elementor-heading-title elementor-size-default\">Authentique cidrerie gipuzkoane sans quitter Donostia<\/h3>\t\t<\/div>\n\t\t\t\t<\/div>\n\t\t\t\t<div class=\"elementor-element elementor-element-75a55ef home-title-el title-headline-el elementor-widget elementor-widget-heading\" data-id=\"75a55ef\" data-element_type=\"widget\" data-widget_type=\"heading.default\">\n\t\t\t\t<div class=\"elementor-widget-container\">\n\t\t\t<h2 class=\"elementor-heading-title elementor-size-default\">Profitez d'une authentique cidrerie<\/h2>\t\t<\/div>\n\t\t\t\t<\/div>\n\t\t\t\t<div class=\"elementor-element elementor-element-fd20260 elementor-widget elementor-widget-heading\" data-id=\"fd20260\" data-element_type=\"widget\" data-widget_type=\"heading.default\">\n\t\t\t\t<div class=\"elementor-widget-container\">\n\t\t\t<p class=\"elementor-heading-title elementor-size-default\">\u00c0 300 m\u00e8tres de l'Alto de Miracruz, dans le quartier d'Intxaurrondo, nous proposons toute l'ann\u00e9e des menus traditionnels de cidrerie, ainsi qu'une grande vari\u00e9t\u00e9 de plats.\n \nNotre sp\u00e9cialit\u00e9 est le c\u00f4te de boeuf sur le gril, d'une saveur et d'une coupe magnifiques, pr\u00e9par\u00e9 sur le gril dans notre cuisine ouverte sur l'ext\u00e9rieur.<\/p>\t\t<\/div>\n\t\t\t\t<\/div>\n\t\t\t\t<div class=\"elementor-element elementor-element-3cd4506 elementor-widget elementor-widget-image\" data-id=\"3cd4506\" data-element_type=\"widget\" data-widget_type=\"image.default\">\n\t\t\t\t<div class=\"elementor-widget-container\">\n\t\t\t<style>\/*! elementor - v3.17.0 - 08-11-2023 *\/\n.elementor-widget-image{text-align:center}.elementor-widget-image a{display:inline-block}.elementor-widget-image a img[src$=\".svg\"]{width:48px}.elementor-widget-image img{vertical-align:middle;display:inline-block}<\/style>\t\t\t\t\t\t\t\t\t\t\t\t<img loading=\"lazy\" decoding=\"async\" width=\"1200\" height=\"600\" src=\"https:\/\/www.sidreriaintxaurrondo.com\/wp-content\/uploads\/2023\/06\/menuintxa.png\" class=\"attachment-full size-full wp-image-3118\" alt=\"\" srcset=\"https:\/\/www.sidreriaintxaurrondo.com\/wp-content\/uploads\/2023\/06\/menuintxa.png 1200w, https:\/\/www.sidreriaintxaurrondo.com\/wp-content\/uploads\/2023\/06\/menuintxa-300x150.png 300w, https:\/\/www.sidreriaintxaurrondo.com\/wp-content\/uploads\/2023\/06\/menuintxa-1024x512.png 1024w, https:\/\/www.sidreriaintxaurrondo.com\/wp-content\/uploads\/2023\/06\/menuintxa-768x384.png 768w\" sizes=\"auto, (max-width: 1200px) 100vw, 1200px\" \/>\t\t\t\t\t\t\t\t\t\t\t\t\t\t\t<\/div>\n\t\t\t\t<\/div>\n\t\t\t\t\t<\/div>\n\t\t<\/div>\n\t\t\t\t\t\t\t<\/div>\n\t\t<\/section>\n\t\t\t\t<section class=\"elementor-section elementor-top-section elementor-element elementor-element-2b4a171 elementor-section-boxed elementor-section-height-default elementor-section-height-default\" data-id=\"2b4a171\" data-element_type=\"section\">\n\t\t\t\t\t\t<div class=\"elementor-container elementor-column-gap-default\">\n\t\t\t\t\t<div class=\"elementor-column elementor-col-50 elementor-top-column elementor-element elementor-element-de16b3a\" data-id=\"de16b3a\" data-element_type=\"column\">\n\t\t\t<div class=\"elementor-widget-wrap elementor-element-populated\">\n\t\t\t\t\t\t\t\t<div class=\"elementor-element elementor-element-253513e home-subtitle-el elementor-widget elementor-widget-heading\" data-id=\"253513e\" data-element_type=\"widget\" data-widget_type=\"heading.default\">\n\t\t\t\t<div class=\"elementor-widget-container\">\n\t\t\t<h3 class=\"elementor-heading-title elementor-size-default\">LA CIDRERIE<\/h3>\t\t<\/div>\n\t\t\t\t<\/div>\n\t\t\t\t<div class=\"elementor-element elementor-element-214945c home-title-el title-headline-el elementor-widget elementor-widget-heading\" data-id=\"214945c\" data-element_type=\"widget\" data-widget_type=\"heading.default\">\n\t\t\t\t<div class=\"elementor-widget-container\">\n\t\t\t<h2 class=\"elementor-heading-title elementor-size-default\">Notre Salle \u00e0 Manger<\/h2>\t\t<\/div>\n\t\t\t\t<\/div>\n\t\t\t\t<div class=\"elementor-element elementor-element-b74a775 elementor-widget elementor-widget-heading\" data-id=\"b74a775\" data-element_type=\"widget\" data-widget_type=\"heading.default\">\n\t\t\t\t<div class=\"elementor-widget-container\">\n\t\t\t<p class=\"elementor-heading-title elementor-size-default\">La cidrerie Intxaurrondo dispose d'une grande salle \u00e0 manger pouvant accueillir environ 120 personnes, o\u00f9 vous pouvez organiser toutes sortes de c\u00e9l\u00e9brations et d'\u00e9v\u00e9nements. Nous offrons \u00e9galement la possibilit\u00e9 d'\u00e9laborer des menus sp\u00e9ciaux, en plus de notre menu de cidrerie et de notre menu complet.\n<\/p>\t\t<\/div>\n\t\t\t\t<\/div>\n\t\t\t\t<div class=\"elementor-element elementor-element-71af38f elementor-widget elementor-widget-button\" data-id=\"71af38f\" data-element_type=\"widget\" data-widget_type=\"button.default\">\n\t\t\t\t<div class=\"elementor-widget-container\">\n\t\t\t\t\t<div class=\"elementor-button-wrapper\">\n\t\t\t<a class=\"elementor-button elementor-button-link elementor-size-sm\" href=\"https:\/\/www.sidreriaintxaurrondo.com\/fr\/la-cidrerie\/\">\n\t\t\t\t\t\t<span class=\"elementor-button-content-wrapper\">\n\t\t\t\t\t\t<span class=\"elementor-button-text\">Voir Plus<\/span>\n\t\t<\/span>\n\t\t\t\t\t<\/a>\n\t\t<\/div>\n\t\t\t\t<\/div>\n\t\t\t\t<\/div>\n\t\t\t\t\t<\/div>\n\t\t<\/div>\n\t\t\t\t<div class=\"elementor-column elementor-col-50 elementor-top-column elementor-element elementor-element-9e303b9\" data-id=\"9e303b9\" data-element_type=\"column\">\n\t\t\t<div class=\"elementor-widget-wrap elementor-element-populated\">\n\t\t\t\t\t\t\t\t<div class=\"elementor-element elementor-element-bcbd4df elementor-widget elementor-widget-image\" data-id=\"bcbd4df\" data-element_type=\"widget\" data-widget_type=\"image.default\">\n\t\t\t\t<div class=\"elementor-widget-container\">\n\t\t\t\t\t\t\t\t\t\t\t\t\t\t\t<img loading=\"lazy\" decoding=\"async\" width=\"1080\" height=\"720\" src=\"https:\/\/www.sidreriaintxaurrondo.com\/wp-content\/uploads\/2023\/06\/comedor-kupelas.jpg\" class=\"attachment-full size-full wp-image-3202\" alt=\"\" srcset=\"https:\/\/www.sidreriaintxaurrondo.com\/wp-content\/uploads\/2023\/06\/comedor-kupelas.jpg 1080w, https:\/\/www.sidreriaintxaurrondo.com\/wp-content\/uploads\/2023\/06\/comedor-kupelas-300x200.jpg 300w, https:\/\/www.sidreriaintxaurrondo.com\/wp-content\/uploads\/2023\/06\/comedor-kupelas-1024x683.jpg 1024w, https:\/\/www.sidreriaintxaurrondo.com\/wp-content\/uploads\/2023\/06\/comedor-kupelas-768x512.jpg 768w\" sizes=\"auto, (max-width: 1080px) 100vw, 1080px\" \/>\t\t\t\t\t\t\t\t\t\t\t\t\t\t\t<\/div>\n\t\t\t\t<\/div>\n\t\t\t\t\t<\/div>\n\t\t<\/div>\n\t\t\t\t\t\t\t<\/div>\n\t\t<\/section>\n\t\t\t\t<section class=\"elementor-section elementor-top-section elementor-element elementor-element-adf1f30 elementor-section-full_width elementor-section-height-min-height elementor-section-height-default elementor-section-items-middle\" data-id=\"adf1f30\" data-element_type=\"section\" data-settings=\"{&quot;background_background&quot;:&quot;classic&quot;}\">\n\t\t\t\t\t\t\t<div class=\"elementor-background-overlay\"><\/div>\n\t\t\t\t\t\t\t<div class=\"elementor-container elementor-column-gap-default\">\n\t\t\t\t\t<div class=\"elementor-column elementor-col-100 elementor-top-column elementor-element elementor-element-d99b465\" data-id=\"d99b465\" data-element_type=\"column\">\n\t\t\t<div class=\"elementor-widget-wrap elementor-element-populated\">\n\t\t\t\t\t\t\t\t<section class=\"elementor-section elementor-inner-section elementor-element elementor-element-bcb1e42 elementor-section-boxed elementor-section-height-default elementor-section-height-default\" data-id=\"bcb1e42\" data-element_type=\"section\">\n\t\t\t\t\t\t<div class=\"elementor-container elementor-column-gap-default\">\n\t\t\t\t\t<div class=\"elementor-column elementor-col-100 elementor-inner-column elementor-element elementor-element-ed9d771\" data-id=\"ed9d771\" data-element_type=\"column\">\n\t\t\t<div class=\"elementor-widget-wrap elementor-element-populated\">\n\t\t\t\t\t\t\t\t<div class=\"elementor-element elementor-element-6ea99c7 home-subtitle-el elementor-widget elementor-widget-heading\" data-id=\"6ea99c7\" data-element_type=\"widget\" data-widget_type=\"heading.default\">\n\t\t\t\t<div class=\"elementor-widget-container\">\n\t\t\t<h3 class=\"elementor-heading-title elementor-size-default\">Ev\u00e9nements<\/h3>\t\t<\/div>\n\t\t\t\t<\/div>\n\t\t\t\t<div class=\"elementor-element elementor-element-dc0f22b home-title-el title-headline-el title-white elementor-widget elementor-widget-heading\" data-id=\"dc0f22b\" data-element_type=\"widget\" data-widget_type=\"heading.default\">\n\t\t\t\t<div class=\"elementor-widget-container\">\n\t\t\t<h2 class=\"elementor-heading-title elementor-size-default\">Vous ne savez pas o\u00f9<br> organiser votre \u00e9v\u00e9nement?<\/h2>\t\t<\/div>\n\t\t\t\t<\/div>\n\t\t\t\t<div class=\"elementor-element elementor-element-3644050 elementor-widget elementor-widget-heading\" data-id=\"3644050\" data-element_type=\"widget\" data-widget_type=\"heading.default\">\n\t\t\t\t<div class=\"elementor-widget-container\">\n\t\t\t<p class=\"elementor-heading-title elementor-size-default\">La Sidrer\u00eda Intxaurrondo peut accueillir votre \u00e9v\u00e9nement, votre r\u00e9union ou tout type de repas de groupe. \u00c9crivez-nous et dites-nous ce dont vous avez besoin et nous vous aiderons d\u00e8s que possible.<\/p>\t\t<\/div>\n\t\t\t\t<\/div>\n\t\t\t\t<div class=\"elementor-element elementor-element-7ad39f2 elementor-widget elementor-widget-button\" data-id=\"7ad39f2\" data-element_type=\"widget\" data-widget_type=\"button.default\">\n\t\t\t\t<div class=\"elementor-widget-container\">\n\t\t\t\t\t<div class=\"elementor-button-wrapper\">\n\t\t\t<a class=\"elementor-button elementor-button-link elementor-size-sm\" href=\"https:\/\/www.sidreriaintxaurrondo.com\/fr\/contact\/\">\n\t\t\t\t\t\t<span class=\"elementor-button-content-wrapper\">\n\t\t\t\t\t\t<span class=\"elementor-button-text\">Contactez-nous <\/span>\n\t\t<\/span>\n\t\t\t\t\t<\/a>\n\t\t<\/div>\n\t\t\t\t<\/div>\n\t\t\t\t<\/div>\n\t\t\t\t\t<\/div>\n\t\t<\/div>\n\t\t\t\t\t\t\t<\/div>\n\t\t<\/section>\n\t\t\t\t\t<\/div>\n\t\t<\/div>\n\t\t\t\t\t\t\t<\/div>\n\t\t<\/section>\n\t\t\t\t<section class=\"elementor-section elementor-top-section elementor-element elementor-element-f6d7872 elementor-section-full_width elementor-section-height-default elementor-section-height-default\" data-id=\"f6d7872\" data-element_type=\"section\">\n\t\t\t\t\t\t<div class=\"elementor-container elementor-column-gap-default\">\n\t\t\t\t\t<div class=\"elementor-column elementor-col-100 elementor-top-column elementor-element elementor-element-9a7ff58\" data-id=\"9a7ff58\" data-element_type=\"column\">\n\t\t\t<div class=\"elementor-widget-wrap elementor-element-populated\">\n\t\t\t\t\t\t\t\t<div class=\"elementor-element elementor-element-8d39f9f elementor-widget elementor-widget-google_maps\" data-id=\"8d39f9f\" data-element_type=\"widget\" data-widget_type=\"google_maps.default\">\n\t\t\t\t<div class=\"elementor-widget-container\">\n\t\t\t<style>\/*! elementor - v3.17.0 - 08-11-2023 *\/\n.elementor-widget-google_maps .elementor-widget-container{overflow:hidden}.elementor-widget-google_maps .elementor-custom-embed{line-height:0}.elementor-widget-google_maps iframe{height:300px}<\/style>\t\t<div class=\"elementor-custom-embed\">\n\t\t\t<iframe loading=\"lazy\"\n\t\t\t\t\tsrc=\"https:\/\/maps.google.com\/maps?q=Sidreria%20intxaurrondo&#038;t=m&#038;z=14&#038;output=embed&#038;iwloc=near\"\n\t\t\t\t\ttitle=\"Sidreria intxaurrondo\"\n\t\t\t\t\taria-label=\"Sidreria intxaurrondo\"\n\t\t\t><\/iframe>\n\t\t<\/div>\n\t\t\t\t<\/div>\n\t\t\t\t<\/div>\n\t\t\t\t\t<\/div>\n\t\t<\/div>\n\t\t\t\t\t\t\t<\/div>\n\t\t<\/section>\n\t\t\t\t\t\t\t<\/div>\n\t\t","protected":false},"excerpt":{"rendered":"<p>Authentique cidrerie gipuzkoane sans quitter Donostia Profitez d&rsquo;une authentique cidrerie \u00c0 300 m\u00e8tres de l&rsquo;Alto de Miracruz, dans le quartier d&rsquo;Intxaurrondo, nous proposons toute l&rsquo;ann\u00e9e des menus traditionnels de cidrerie, ainsi qu&rsquo;une grande vari\u00e9t\u00e9 de plats. Notre sp\u00e9cialit\u00e9 est le c\u00f4te de boeuf sur le gril, d&rsquo;une saveur et d&rsquo;une coupe magnifiques, pr\u00e9par\u00e9 sur le gril dans notre cuisine ouverte&#8230;<\/p>\n","protected":false},"author":1,"featured_media":3076,"parent":0,"menu_order":0,"comment_status":"closed","ping_status":"closed","template":"my-templates\/template-home-elementor.php","meta":{"footnotes":""},"class_list":["post-3370","page","type-page","status-publish","has-post-thumbnail","hentry"],"acf":[],"_links":{"self":[{"href":"https:\/\/www.sidreriaintxaurrondo.com\/fr\/wp-json\/wp\/v2\/pages\/3370","targetHints":{"allow":["GET"]}}],"collection":[{"href":"https:\/\/www.sidreriaintxaurrondo.com\/fr\/wp-json\/wp\/v2\/pages"}],"about":[{"href":"https:\/\/www.sidreriaintxaurrondo.com\/fr\/wp-json\/wp\/v2\/types\/page"}],"author":[{"embeddable":true,"href":"https:\/\/www.sidreriaintxaurrondo.com\/fr\/wp-json\/wp\/v2\/users\/1"}],"replies":[{"embeddable":true,"href":"https:\/\/www.sidreriaintxaurrondo.com\/fr\/wp-json\/wp\/v2\/comments?post=3370"}],"version-history":[{"count":3,"href":"https:\/\/www.sidreriaintxaurrondo.com\/fr\/wp-json\/wp\/v2\/pages\/3370\/revisions"}],"predecessor-version":[{"id":3378,"href":"https:\/\/www.sidreriaintxaurrondo.com\/fr\/wp-json\/wp\/v2\/pages\/3370\/revisions\/3378"}],"wp:featuredmedia":[{"embeddable":true,"href":"https:\/\/www.sidreriaintxaurrondo.com\/fr\/wp-json\/wp\/v2\/media\/3076"}],"wp:attachment":[{"href":"https:\/\/www.sidreriaintxaurrondo.com\/fr\/wp-json\/wp\/v2\/media?parent=3370"}],"curies":[{"name":"wp","href":"https:\/\/api.w.org\/{rel}","templated":true}]}}